{"id":1353,"date":"2023-04-05T08:22:21","date_gmt":"2023-04-05T08:22:21","guid":{"rendered":"https:\/\/hotel-sara.pl\/new\/?page_id=1353"},"modified":"2025-09-30T12:16:13","modified_gmt":"2025-09-30T12:16:13","slug":"restauracja","status":"publish","type":"page","link":"https:\/\/hotel-sara.pl\/?page_id=1353","title":{"rendered":"Restauracja"},"content":{"rendered":"\t\t<div data-elementor-type=\"wp-page\" data-elementor-id=\"1353\" class=\"elementor elementor-1353\">\n\t\t\t\t\t\t\t\t\t<section class=\"elementor-section elementor-top-section elementor-element elementor-element-83746e8 elementor-section-height-min-height elementor-section-content-middle elementor-section-boxed elementor-section-height-default elementor-section-items-middle\" data-id=\"83746e8\" data-element_type=\"section\" data-settings=\"{&quot;background_background&quot;:&quot;classic&quot;}\">\n\t\t\t\t\t\t\t<div class=\"elementor-background-overlay\"><\/div>\n\t\t\t\t\t\t\t<div class=\"elementor-container elementor-column-gap-default\">\n\t\t\t\t\t<div class=\"elementor-column elementor-col-100 elementor-top-column elementor-element elementor-element-09faee3\" data-id=\"09faee3\" data-element_type=\"column\">\n\t\t\t<div class=\"elementor-widget-wrap elementor-element-populated\">\n\t\t\t\t\t\t\t\t\t<\/div>\n\t\t<\/div>\n\t\t\t\t\t\t\t<\/div>\n\t\t<\/section>\n\t\t\t\t<section class=\"elementor-section elementor-top-section elementor-element elementor-element-a92bf94 elementor-section-boxed elementor-section-height-default elementor-section-height-default\" data-id=\"a92bf94\" data-element_type=\"section\">\n\t\t\t\t\t\t<div class=\"elementor-container elementor-column-gap-no\">\n\t\t\t\t\t<div class=\"elementor-column elementor-col-100 elementor-top-column elementor-element elementor-element-7d00c84\" data-id=\"7d00c84\" data-element_type=\"column\">\n\t\t\t<div class=\"elementor-widget-wrap\">\n\t\t\t\t\t\t\t\t\t<\/div>\n\t\t<\/div>\n\t\t\t\t\t\t\t<\/div>\n\t\t<\/section>\n\t\t\t\t<section class=\"elementor-section elementor-top-section elementor-element elementor-element-f26a078 elementor-section-boxed elementor-section-height-default elementor-section-height-default\" data-id=\"f26a078\" data-element_type=\"section\">\n\t\t\t\t\t\t<div class=\"elementor-container elementor-column-gap-default\">\n\t\t\t\t\t<div class=\"elementor-column elementor-col-50 elementor-top-column elementor-element elementor-element-f8aa7e8\" data-id=\"f8aa7e8\" data-element_type=\"column\">\n\t\t\t<div class=\"elementor-widget-wrap elementor-element-populated\">\n\t\t\t\t\t\t\t\t<div class=\"elementor-element elementor-element-bffba76 elementor-widget elementor-widget-image\" data-id=\"bffba76\" data-element_type=\"widget\" data-widget_type=\"image.default\">\n\t\t\t\t<div class=\"elementor-widget-container\">\n\t\t\t<style>\/*! elementor - v3.12.1 - 02-04-2023 *\/\n.elementor-widget-image{text-align:center}.elementor-widget-image a{display:inline-block}.elementor-widget-image a img[src$=\".svg\"]{width:48px}.elementor-widget-image img{vertical-align:middle;display:inline-block}<\/style>\t\t\t\t\t\t\t\t\t\t\t\t<img decoding=\"async\" width=\"1363\" height=\"2048\" src=\"https:\/\/hotel-sara.pl\/wp-content\/uploads\/2023\/04\/DSC6111.jpg\" class=\"attachment-full size-full wp-image-1411\" alt=\"\" loading=\"lazy\" srcset=\"https:\/\/hotel-sara.pl\/wp-content\/uploads\/2023\/04\/DSC6111.jpg 1363w, https:\/\/hotel-sara.pl\/wp-content\/uploads\/2023\/04\/DSC6111-200x300.jpg 200w, https:\/\/hotel-sara.pl\/wp-content\/uploads\/2023\/04\/DSC6111-682x1024.jpg 682w, https:\/\/hotel-sara.pl\/wp-content\/uploads\/2023\/04\/DSC6111-768x1154.jpg 768w, https:\/\/hotel-sara.pl\/wp-content\/uploads\/2023\/04\/DSC6111-1022x1536.jpg 1022w\" sizes=\"(max-width: 1363px) 100vw, 1363px\" \/>\t\t\t\t\t\t\t\t\t\t\t\t\t\t\t<\/div>\n\t\t\t\t<\/div>\n\t\t\t\t\t<\/div>\n\t\t<\/div>\n\t\t\t\t<div class=\"elementor-column elementor-col-50 elementor-top-column elementor-element elementor-element-9d29dbb\" data-id=\"9d29dbb\" data-element_type=\"column\">\n\t\t\t<div class=\"elementor-widget-wrap elementor-element-populated\">\n\t\t\t\t\t\t\t\t<div class=\"elementor-element elementor-element-3ed1883 elementor-widget elementor-widget-heading\" data-id=\"3ed1883\" data-element_type=\"widget\" data-widget_type=\"heading.default\">\n\t\t\t\t<div class=\"elementor-widget-container\">\n\t\t\t<style>\/*! elementor - v3.12.1 - 02-04-2023 *\/\n.elementor-heading-title{padding:0;margin:0;line-height:1}.elementor-widget-heading .elementor-heading-title[class*=elementor-size-]>a{color:inherit;font-size:inherit;line-height:inherit}.elementor-widget-heading .elementor-heading-title.elementor-size-small{font-size:15px}.elementor-widget-heading .elementor-heading-title.elementor-size-medium{font-size:19px}.elementor-widget-heading .elementor-heading-title.elementor-size-large{font-size:29px}.elementor-widget-heading .elementor-heading-title.elementor-size-xl{font-size:39px}.elementor-widget-heading .elementor-heading-title.elementor-size-xxl{font-size:59px}<\/style><h4 class=\"elementor-heading-title elementor-size-default\">Zapraszamy r\u00f3wnie\u017c do naszej restauracji<\/h4>\t\t<\/div>\n\t\t\t\t<\/div>\n\t\t\t\t<div class=\"elementor-element elementor-element-cdf2e8d elementor-widget elementor-widget-text-editor\" data-id=\"cdf2e8d\" data-element_type=\"widget\" data-widget_type=\"text-editor.default\">\n\t\t\t\t<div class=\"elementor-widget-container\">\n\t\t\t<style>\/*! elementor - v3.12.1 - 02-04-2023 *\/\n.elementor-widget-text-editor.elementor-drop-cap-view-stacked .elementor-drop-cap{background-color:#69727d;color:#fff}.elementor-widget-text-editor.elementor-drop-cap-view-framed .elementor-drop-cap{color:#69727d;border:3px solid;background-color:transparent}.elementor-widget-text-editor:not(.elementor-drop-cap-view-default) .elementor-drop-cap{margin-top:8px}.elementor-widget-text-editor:not(.elementor-drop-cap-view-default) .elementor-drop-cap-letter{width:1em;height:1em}.elementor-widget-text-editor .elementor-drop-cap{float:left;text-align:center;line-height:1;font-size:50px}.elementor-widget-text-editor .elementor-drop-cap-letter{display:inline-block}<\/style>\t\t\t\t<p style=\"text-align: center;\">Restauracja -SARA- zaprasza Go\u015bci hotelowych jak r\u00f3wnie\u017c Go\u015bci z zewn\u0105trz. Znajduje si\u0119 na parterze budynku z bajecznym widokiem na nasze kochane Tatry.\u00a0<\/p><p style=\"text-align: center;\">Oferta naszej restauracji -SARA- doceniana jest przez naszych go\u015bci ze wzgl\u0119du na bardzo dobry smak naszych potraw.<\/p><p style=\"text-align: center;\">W sezonie letnim zapraszamy r\u00f3wnie\u017c do naszej CHATY-SARA \/obok restauracji\/. G\u00f3ralski wystr\u00f3j CHATY komponuje si\u0119 z pi\u0119knym widokiem zar\u00f3wno ze \u015brodka sali jak i z tarasu.<\/p><p style=\"text-align: center;\">W menu znajdziecie r\u00f3wnie\u017c Pa\u0144stwo m.in. pyszne zupy, dania mi\u0119sne i rybne, makarony, pierogi oraz pyszn\u0105 pizz\u0119 robion\u0105 od podstaw przez nas. W menu odnale\u017a\u0107 mo\u017cna tak\u017ce hamburgery ameryka\u0144skie i wiele innych ciekawych propozycji.\u00a0<\/p><p style=\"text-align: center;\">R\u00f3\u017cnorodno\u015b\u0107 menu z pewno\u015bci\u0105 pozwoli na to aby ka\u017cdy znalaz\u0142 co\u015b dla siebie.\u00a0<\/p>\t\t\t\t\t\t<\/div>\n\t\t\t\t<\/div>\n\t\t\t\t<div class=\"elementor-element elementor-element-e95e22e elementor-widget elementor-widget-heading\" data-id=\"e95e22e\" data-element_type=\"widget\" data-widget_type=\"heading.default\">\n\t\t\t\t<div class=\"elementor-widget-container\">\n\t\t\t<h1 class=\"elementor-heading-title elementor-size-small\">ZAPRASZAMY SERDECZNIE<\/h1>\t\t<\/div>\n\t\t\t\t<\/div>\n\t\t\t\t\t<\/div>\n\t\t<\/div>\n\t\t\t\t\t\t\t<\/div>\n\t\t<\/section>\n\t\t\t\t<section class=\"elementor-section elementor-top-section elementor-element elementor-element-f2400c1 elementor-section-boxed elementor-section-height-default elementor-section-height-default\" data-id=\"f2400c1\" data-element_type=\"section\">\n\t\t\t\t\t\t<div class=\"elementor-container elementor-column-gap-default\">\n\t\t\t\t\t<div class=\"elementor-column elementor-col-50 elementor-top-column elementor-element elementor-element-7609ad3\" data-id=\"7609ad3\" data-element_type=\"column\">\n\t\t\t<div class=\"elementor-widget-wrap elementor-element-populated\">\n\t\t\t\t\t\t\t\t<div class=\"elementor-element elementor-element-3dd6d97 elementor-widget elementor-widget-image\" data-id=\"3dd6d97\" data-element_type=\"widget\" data-widget_type=\"image.default\">\n\t\t\t\t<div class=\"elementor-widget-container\">\n\t\t\t\t\t\t\t\t\t\t\t\t\t\t\t<img decoding=\"async\" width=\"1080\" height=\"608\" src=\"https:\/\/hotel-sara.pl\/wp-content\/uploads\/2023\/04\/IMG-20211111-WA0001.jpg\" class=\"attachment-full size-full wp-image-1741\" alt=\"\" loading=\"lazy\" srcset=\"https:\/\/hotel-sara.pl\/wp-content\/uploads\/2023\/04\/IMG-20211111-WA0001.jpg 1080w, https:\/\/hotel-sara.pl\/wp-content\/uploads\/2023\/04\/IMG-20211111-WA0001-300x169.jpg 300w, https:\/\/hotel-sara.pl\/wp-content\/uploads\/2023\/04\/IMG-20211111-WA0001-1024x576.jpg 1024w, https:\/\/hotel-sara.pl\/wp-content\/uploads\/2023\/04\/IMG-20211111-WA0001-768x432.jpg 768w\" sizes=\"(max-width: 1080px) 100vw, 1080px\" \/>\t\t\t\t\t\t\t\t\t\t\t\t\t\t\t<\/div>\n\t\t\t\t<\/div>\n\t\t\t\t\t<\/div>\n\t\t<\/div>\n\t\t\t\t<div class=\"elementor-column elementor-col-50 elementor-top-column elementor-element elementor-element-40bfc21\" data-id=\"40bfc21\" data-element_type=\"column\">\n\t\t\t<div class=\"elementor-widget-wrap elementor-element-populated\">\n\t\t\t\t\t\t\t\t<div class=\"elementor-element elementor-element-18dff64 elementor-widget elementor-widget-text-editor\" data-id=\"18dff64\" data-element_type=\"widget\" data-widget_type=\"text-editor.default\">\n\t\t\t\t<div class=\"elementor-widget-container\">\n\t\t\t\t\t\t\t<p style=\"text-align: center;\">Specjalizujemy si\u0119 r\u00f3wnie\u017c w organizacji chrzcin, komunii, wesel, uroczysto\u015bci rodzinnych oraz spotka\u0144 biznesowych.<\/p><p>Wykonujemy nasz\u0105 prace solidnie i z sercem, tak \u017ceby ka\u017cdy z naszych klient\u00f3w-go\u015bci by\u0142 zadowolony.\u00a0<\/p><p>\u00a0<\/p>\t\t\t\t\t\t<\/div>\n\t\t\t\t<\/div>\n\t\t\t\t\t<\/div>\n\t\t<\/div>\n\t\t\t\t\t\t\t<\/div>\n\t\t<\/section>\n\t\t\t\t<section class=\"elementor-section elementor-top-section elementor-element elementor-element-521d7e6 elementor-section-boxed elementor-section-height-default elementor-section-height-default\" data-id=\"521d7e6\" data-element_type=\"section\">\n\t\t\t\t\t\t<div class=\"elementor-container elementor-column-gap-default\">\n\t\t\t\t\t<div class=\"elementor-column elementor-col-100 elementor-top-column elementor-element elementor-element-7513249\" data-id=\"7513249\" data-element_type=\"column\">\n\t\t\t<div class=\"elementor-widget-wrap elementor-element-populated\">\n\t\t\t\t\t\t\t\t<div class=\"elementor-element elementor-element-e53c8ee elementor-widget elementor-widget-heading\" data-id=\"e53c8ee\" data-element_type=\"widget\" data-widget_type=\"heading.default\">\n\t\t\t\t<div class=\"elementor-widget-container\">\n\t\t\t<h4 class=\"elementor-heading-title elementor-size-default\">Menu<\/h4>\t\t<\/div>\n\t\t\t\t<\/div>\n\t\t\t\t<div class=\"elementor-element elementor-element-c1df04a elementor-widget elementor-widget-text-editor\" data-id=\"c1df04a\" data-element_type=\"widget\" data-widget_type=\"text-editor.default\">\n\t\t\t\t<div class=\"elementor-widget-container\">\n\t\t\t\t\t\t\t\t\t\t<style>\r\n                #foogallery-gallery-1913.fg-masonry .fg-item {\r\n                    width: 250px;\r\n                    margin-right: 5px;\r\n                    margin-bottom: 5px;\r\n                }\r\n\t\t\t<\/style>\r\n\t\t\t<div class=\"foogallery foogallery-container foogallery-masonry foogallery-lightbox-foobox fg-center fg-masonry fg-dark fg-border-thin fg-shadow-small fg-loading-default fg-loaded-fade-in fg-captions-bottom fg-hover-fade fg-hover-plus fg-ready fg-fixed\" id=\"foogallery-gallery-1913\" data-foogallery=\"{&quot;item&quot;:{&quot;showCaptionTitle&quot;:true,&quot;showCaptionDescription&quot;:true},&quot;lazy&quot;:true,&quot;template&quot;:{&quot;columnWidth&quot;:250,&quot;gutter&quot;:5}}\" >\r\n\t\t<div class=\"fg-item fg-type-image fg-idle\"><figure class=\"fg-item-inner\"><a href=\"https:\/\/hotel-sara.pl\/wp-content\/uploads\/2025\/09\/SARA-MENU-1-scaled.jpg\" data-attachment-id=\"1926\" class=\"fg-thumb\"><span class=\"fg-image-wrap\"><img decoding=\"async\" width=\"250\" height=\"177\" class=\"skip-lazy fg-image\" data-src-fg=\"https:\/\/hotel-sara.pl\/wp-content\/uploads\/cache\/2025\/09\/SARA-MENU-1-scaled\/2292895045.jpg\" src=\"data:image\/svg+xml,%3Csvg%20xmlns%3D%22http%3A%2F%2Fwww.w3.org%2F2000%2Fsvg%22%20width%3D%22250%22%20height%3D%22177%22%20viewBox%3D%220%200%20250%20177%22%3E%3C%2Fsvg%3E\" loading=\"eager\"><\/span><span class=\"fg-image-overlay\"><\/span><\/a><\/figure><div class=\"fg-loader\"><\/div><\/div><div class=\"fg-item fg-type-image fg-idle\"><figure class=\"fg-item-inner\"><a href=\"https:\/\/hotel-sara.pl\/wp-content\/uploads\/2025\/09\/SARA-MENU-2-scaled.jpg\" data-attachment-id=\"1927\" class=\"fg-thumb\"><span class=\"fg-image-wrap\"><img decoding=\"async\" width=\"250\" height=\"177\" class=\"skip-lazy fg-image\" data-src-fg=\"https:\/\/hotel-sara.pl\/wp-content\/uploads\/cache\/2025\/09\/SARA-MENU-2-scaled\/1236146320.jpg\" src=\"data:image\/svg+xml,%3Csvg%20xmlns%3D%22http%3A%2F%2Fwww.w3.org%2F2000%2Fsvg%22%20width%3D%22250%22%20height%3D%22177%22%20viewBox%3D%220%200%20250%20177%22%3E%3C%2Fsvg%3E\" loading=\"eager\"><\/span><span class=\"fg-image-overlay\"><\/span><\/a><\/figure><div class=\"fg-loader\"><\/div><\/div><\/div>\t\t\t\t\t\t<\/div>\n\t\t\t\t<\/div>\n\t\t\t\t\t<\/div>\n\t\t<\/div>\n\t\t\t\t\t\t\t<\/div>\n\t\t<\/section>\n\t\t\t\t<section class=\"elementor-section elementor-top-section elementor-element elementor-element-b79c60a elementor-section-boxed elementor-section-height-default elementor-section-height-default\" data-id=\"b79c60a\" data-element_type=\"section\">\n\t\t\t\t\t\t<div class=\"elementor-container elementor-column-gap-default\">\n\t\t\t\t\t<div class=\"elementor-column elementor-col-100 elementor-top-column elementor-element elementor-element-269872d\" data-id=\"269872d\" data-element_type=\"column\">\n\t\t\t<div class=\"elementor-widget-wrap elementor-element-populated\">\n\t\t\t\t\t\t\t\t<div class=\"elementor-element elementor-element-0db3a33 elementor-widget elementor-widget-heading\" data-id=\"0db3a33\" data-element_type=\"widget\" data-widget_type=\"heading.default\">\n\t\t\t\t<div class=\"elementor-widget-container\">\n\t\t\t<h4 class=\"elementor-heading-title elementor-size-default\">Menu znajdziecie Pa\u0144stwo r\u00f3wnie\u017c skanuj\u0105c kod QR<\/h4>\t\t<\/div>\n\t\t\t\t<\/div>\n\t\t\t\t<div class=\"elementor-element elementor-element-66c6f29 elementor-widget elementor-widget-text-editor\" data-id=\"66c6f29\" data-element_type=\"widget\" data-widget_type=\"text-editor.default\">\n\t\t\t\t<div class=\"elementor-widget-container\">\n\t\t\t\t\t\t\t<p><img decoding=\"async\" loading=\"lazy\" class=\"alignnone size-medium wp-image-1937 aligncenter\" src=\"https:\/\/hotel-sara.pl\/wp-content\/uploads\/2025\/09\/Menu_QR-2-300x300.jpg\" alt=\"\" width=\"300\" height=\"300\" srcset=\"https:\/\/hotel-sara.pl\/wp-content\/uploads\/2025\/09\/Menu_QR-2-300x300.jpg 300w, https:\/\/hotel-sara.pl\/wp-content\/uploads\/2025\/09\/Menu_QR-2-1022x1024.jpg 1022w, https:\/\/hotel-sara.pl\/wp-content\/uploads\/2025\/09\/Menu_QR-2-150x150.jpg 150w, https:\/\/hotel-sara.pl\/wp-content\/uploads\/2025\/09\/Menu_QR-2-768x770.jpg 768w, https:\/\/hotel-sara.pl\/wp-content\/uploads\/2025\/09\/Menu_QR-2-1533x1536.jpg 1533w, https:\/\/hotel-sara.pl\/wp-content\/uploads\/2025\/09\/Menu_QR-2.jpg 1887w\" sizes=\"(max-width: 300px) 100vw, 300px\" \/><\/p>\t\t\t\t\t\t<\/div>\n\t\t\t\t<\/div>\n\t\t\t\t\t<\/div>\n\t\t<\/div>\n\t\t\t\t\t\t\t<\/div>\n\t\t<\/section>\n\t\t\t\t\t\t\t<\/div>\n\t\t","protected":false},"excerpt":{"rendered":"<p>Zapraszamy r\u00f3wnie\u017c do naszej restauracji Restauracja -SARA- zaprasza Go\u015bci hotelowych jak r\u00f3wnie\u017c Go\u015bci z zewn\u0105trz. Znajduje si\u0119 na parterze budynku z bajecznym widokiem na nasze kochane Tatry.\u00a0 Oferta naszej restauracji -SARA- doceniana jest przez naszych go\u015bci ze wzgl\u0119du na bardzo dobry smak naszych potraw. W sezonie letnim zapraszamy r\u00f3wnie\u017c do naszej CHATY-SARA \/obok restauracji\/. G\u00f3ralski &hellip;<\/p>\n<p class=\"read-more\"> <a class=\"\" href=\"https:\/\/hotel-sara.pl\/?page_id=1353\"> <span class=\"screen-reader-text\">Restauracja<\/span> Read More &raquo;<\/a><\/p>\n","protected":false},"author":1,"featured_media":0,"parent":0,"menu_order":0,"comment_status":"closed","ping_status":"closed","template":"","meta":{"site-sidebar-layout":"no-sidebar","site-content-layout":"page-builder","ast-global-header-display":"","ast-main-header-display":"","ast-hfb-above-header-display":"","ast-hfb-below-header-display":"","ast-hfb-mobile-header-display":"","site-post-title":"disabled","ast-breadcrumbs-content":"","ast-featured-img":"disabled","footer-sml-layout":"","theme-transparent-header-meta":"enabled","adv-header-id-meta":"","stick-header-meta":"","header-above-stick-meta":"","header-main-stick-meta":"","header-below-stick-meta":""},"_links":{"self":[{"href":"https:\/\/hotel-sara.pl\/index.php?rest_route=\/wp\/v2\/pages\/1353"}],"collection":[{"href":"https:\/\/hotel-sara.pl\/index.php?rest_route=\/wp\/v2\/pages"}],"about":[{"href":"https:\/\/hotel-sara.pl\/index.php?rest_route=\/wp\/v2\/types\/page"}],"author":[{"embeddable":true,"href":"https:\/\/hotel-sara.pl\/index.php?rest_route=\/wp\/v2\/users\/1"}],"replies":[{"embeddable":true,"href":"https:\/\/hotel-sara.pl\/index.php?rest_route=%2Fwp%2Fv2%2Fcomments&post=1353"}],"version-history":[{"count":73,"href":"https:\/\/hotel-sara.pl\/index.php?rest_route=\/wp\/v2\/pages\/1353\/revisions"}],"predecessor-version":[{"id":1940,"href":"https:\/\/hotel-sara.pl\/index.php?rest_route=\/wp\/v2\/pages\/1353\/revisions\/1940"}],"wp:attachment":[{"href":"https:\/\/hotel-sara.pl\/index.php?rest_route=%2Fwp%2Fv2%2Fmedia&parent=1353"}],"curies":[{"name":"wp","href":"https:\/\/api.w.org\/{rel}","templated":true}]}}